{"id":8,"date":"2025-06-20T11:33:23","date_gmt":"2025-06-20T11:33:23","guid":{"rendered":"https:\/\/sig2025.uber.space\/?page_id=8"},"modified":"2026-01-15T18:24:18","modified_gmt":"2026-01-15T17:24:18","slug":"startpage","status":"publish","type":"page","link":"https:\/\/www.sand-im-getriebe.mobi\/en\/","title":{"rendered":"Startpage"},"content":{"rendered":"\n<div class=\"wp-block-cover alignfull\" style=\"margin-top:-60px;padding-top:0;padding-right:0;padding-bottom:0;padding-left:0;min-height:100vh;aspect-ratio:unset;\"><img loading=\"lazy\" decoding=\"async\" width=\"2560\" height=\"2020\" class=\"wp-block-cover__image-background wp-image-891 size-full\" alt=\"\" src=\"https:\/\/www.sand-im-getriebe.mobi\/wp-content\/uploads\/2026\/01\/53172712089_6555085a8e_o-1-scaled.jpg\" style=\"object-position:61% 25%\" data-object-fit=\"cover\" data-object-position=\"61% 25%\" srcset=\"https:\/\/www.sand-im-getriebe.mobi\/wp-content\/uploads\/2026\/01\/53172712089_6555085a8e_o-1-scaled.jpg 2560w, https:\/\/www.sand-im-getriebe.mobi\/wp-content\/uploads\/2026\/01\/53172712089_6555085a8e_o-1-300x237.jpg 300w, https:\/\/www.sand-im-getriebe.mobi\/wp-content\/uploads\/2026\/01\/53172712089_6555085a8e_o-1-1024x808.jpg 1024w, https:\/\/www.sand-im-getriebe.mobi\/wp-content\/uploads\/2026\/01\/53172712089_6555085a8e_o-1-768x606.jpg 768w, https:\/\/www.sand-im-getriebe.mobi\/wp-content\/uploads\/2026\/01\/53172712089_6555085a8e_o-1-1536x1212.jpg 1536w, https:\/\/www.sand-im-getriebe.mobi\/wp-content\/uploads\/2026\/01\/53172712089_6555085a8e_o-1-2048x1616.jpg 2048w, https:\/\/www.sand-im-getriebe.mobi\/wp-content\/uploads\/2026\/01\/53172712089_6555085a8e_o-1-15x12.jpg 15w\" sizes=\"auto, (max-width: 2560px) 100vw, 2560px\" \/><span aria-hidden=\"true\" class=\"wp-block-cover__background has-palette-color-3-background-color has-background-dim-30 has-background-dim\"><\/span><div class=\"wp-block-cover__inner-container is-layout-flow wp-block-cover-is-layout-flow\">\n<div class=\"wp-block-group is-vertical is-content-justification-center is-layout-flex wp-container-core-group-is-layout-d5572c4a wp-block-group-is-layout-flex\" style=\"padding-top:0;padding-right:0;padding-bottom:0;padding-left:0\">\n<div class=\"wp-block-group is-content-justification-left is-layout-constrained wp-container-core-group-is-layout-0f2087d5 wp-block-group-is-layout-constrained\" style=\"margin-top:0;margin-bottom:0;padding-top:10rem;padding-right:var(--wp--preset--spacing--50);padding-bottom:10rem;padding-left:var(--wp--preset--spacing--50)\">\n<h1 class=\"wp-block-heading has-text-align-left has-palette-color-8-color has-text-color has-link-color wp-elements-a839a77890887d4be69d133ca45ff63e\" style=\"font-size:clamp(39.963px, 2.498rem + ((1vw - 3.2px) * 2.737), 75px);line-height:1\"><strong>Sand im Getriebe<\/strong><br><strong>der Autoindustrie<\/strong><\/h1>\n\n\n\n<div class=\"wp-block-group is-vertical is-content-justification-left is-nowrap is-layout-flex wp-container-core-group-is-layout-84836a2c wp-block-group-is-layout-flex\">\n<p>Die Erde brennt \u2013 Zeit zu handeln! Jetzt ein Sandkorn werden. <\/p>\n\n\n\n<div class=\"wp-block-buttons is-layout-flex wp-block-buttons-is-layout-flex\">\n<div class=\"wp-block-button\"><a class=\"wp-block-button__link wp-element-button\" href=\"\/mitmachen\">Mitmachen<\/a><\/div>\n<\/div>\n<\/div>\n<\/div>\n<\/div>\n<\/div><\/div>\n\n\n\n<div class=\"wp-block-group is-layout-constrained wp-container-core-group-is-layout-2aaa6ff7 wp-block-group-is-layout-constrained\" style=\"padding-top:var(--wp--preset--spacing--20);padding-right:var(--wp--preset--spacing--20);padding-bottom:var(--wp--preset--spacing--20);padding-left:var(--wp--preset--spacing--20)\">\n<p class=\"has-medium-font-size\" style=\"margin-top:0;margin-bottom:0\">Sand im Getriebe ist eine radikale Klimagerechtigkeitsgruppe. 2019 aus einem Aktionsb\u00fcndnis hervorgegangen, gehen wir gegen die Autoindustrie und f\u00fcr eine sofortige Verkehrswende auf die Stra\u00dfe.<\/p>\n\n\n\n<p class=\"has-text-align-left has-medium-font-size\" style=\"margin-top:0;margin-bottom:0\"><a href=\"\/wer-wir-sind\" data-type=\"page\" data-id=\"15\"><strong>Mehr zu uns \u2192<\/strong><\/a><\/p>\n<\/div>\n\n\n\n<div class=\"wp-block-group alignfull has-palette-color-6-background-color has-background is-layout-constrained wp-block-group-is-layout-constrained\">\n<div class=\"wp-block-group is-layout-constrained wp-block-group-is-layout-constrained\">\n<h2 class=\"wp-block-heading\">Termine<\/h2>\n\n\n\n<div class=\"wp-block-group is-layout-constrained wp-container-core-group-is-layout-639b5052 wp-block-group-is-layout-constrained\" style=\"padding-top:0;padding-right:0;padding-bottom:0;padding-left:0\">\n<div class=\"wp-block-eventon-blocks-evo-eventon-main wp-block-eventon-lite\" style=\"background-color:transparent;color:#808080;padding:20px;border-radius:5px\"><!-- EventON Calendar --><div id='evcal_calendar_247' class='list_cal ajde_evcal_calendar sev cev color esty_2 ul etttc_custom ' ><div id='evcal_head' class='calendar_header ' ><div class='evo_cal_above'><span class='evo-gototoday-btn evo_hide' style='display:none;' data-mo='4' data-yr='2026' data-dy=''>Current Month<\/span><span class='evo-filter-btn'><em><\/em><\/span><span class='evo-sort-btn'><div class='eventon_sort_line' style='display:none'><p data-val='sort_date' data-type='date' class='evs_btn evo_sort_option evs_hide select' >Date<\/p><\/div><\/span><\/div><div class='evo_cal_above_content'><\/div><\/div><div class='eventon_sorting_section' style='display:none'><div class='eventon_filter_line '><\/div><div class='clear'><\/div><\/div><div id='eventon_loadbar_section'><div id='eventon_loadbar'><\/div><\/div><!-- Events List --><div id='evcal_list' \n\t\t\t\t\tclass='eventon_events_list sep_months evcal_list_month'><div class='evcal_month_line' data-d='eml_9_2027'><p>september 2027<\/p><\/div><div class='sep_month_events ' data-d='eml_9_2027'><div id=\"event_762_0\" class=\"eventon_list_event evo_eventtop scheduled  event event_762_0\" data-event_id=\"762\" data-ri=\"0r\" data-time=\"1820268000-1820786340\" data-colr=\"#d64b28\" itemscope itemtype='http:\/\/schema.org\/Event'><div class=\"evo_event_schema\" style=\"display:none\" ><a itemprop='url'  href='https:\/\/www.sand-im-getriebe.mobi\/en\/events\/iaa-protest\/'><\/a><meta itemprop='image'  \/><meta itemprop='startDate' content=\"2027-9-7\" \/><meta itemprop='endDate' content=\"2027-9-12\" \/><meta itemprop='eventStatus' content=\"https:\/\/schema.org\/EventScheduled\" \/><item style=\"display:none\" itemprop=\"location\" itemscope itemtype=\"http:\/\/schema.org\/Place\"><span itemprop=\"name\">M\u00fcnchen<\/span><span itemprop=\"address\" itemscope itemtype=\"http:\/\/schema.org\/PostalAddress\"><item itemprop=\"streetAddress\">Munich, German<\/item><\/span><\/item><item style=\"display:none\" itemprop=\"eventAttendanceMode\" itemscope itemtype=\"https:\/\/schema.org\/OfflineEventAttendanceMode\"><\/item><script type=\"application\/ld+json\">{\"@context\": \"http:\/\/schema.org\",\"@type\": \"Event\",\n\t\t\t\t\"@id\": \"event_762_0\",\n\t\t\t\t\"eventAttendanceMode\":\"https:\/\/schema.org\/OfflineEventAttendanceMode\",\n\t\t\t\t\"name\": \"IAA-Proteste\",\n\t\t\t\t\"url\": \"https:\/\/www.sand-im-getriebe.mobi\/en\/events\/iaa-protest\/\",\n\t\t\t\t\"startDate\": \"2027-9-7\",\n\t\t\t\t\"endDate\": \"2027-9-12\",\n\t\t\t\t\"image\":\"\", \n\t\t\t\t\"description\":\"IAA-Proteste\",\"location\":[{\"@type\":\"Place\",\"name\":\"M\u00fcnchen\",\"address\":{\"@type\": \"PostalAddress\",\"streetAddress\":\"Munich, German\"}}],\"eventStatus\":\"https:\/\/schema.org\/EventScheduled\"}<\/script><\/div>\n\t\t\t\t<p class=\"desc_trig_outter\" style=\"\"><a data-gmap_status=\"null\" data-exlk=\"0\" style=\"background-color: #d64b28;\" id=\"evc_1820268000762\" class=\"desc_trig mul_val evcal_list_a allday\" data-ux_val=\"1\" data-ux_val_mob=\"-\"  ><span class='evoet_c2 evoet_cx '><span class='evoet_dayblock evcal_cblock ' data-bgcolor='#d64b28' data-smon='september' data-syr='2027'><span class='evo_start '><em class='date'>07<\/em><em class='month'>sep<\/em><em class='time'>All Day<\/em><\/span><span class='evo_end '><em class='date'>12<\/em><\/span><\/span><\/span><span style='display:none' class='event_location_attrs'  data-location_address=\"Munich, German\" data-location_type=\"address\" data-location_name=\"M\u00fcnchen\" data-location_url=\"https:\/\/www.sand-im-getriebe.mobi\/en\/event-location\/muenchen\/\" data-location_status=\"true\"><\/span><span class='evoet_c3 evoet_cx evcal_desc evo_info ' ><span class='evoet_tags evo_above_title'><\/span><span class='evoet_title evcal_desc2 evcal_event_title' itemprop='name'>IAA-Proteste<\/span><span class='evoet_subtitle evo_below_title'><span class='evcal_event_subtitle' >Internationale Automobil Ausstellung \u00fcberwinden<\/span><\/span><span class='evoet_time_expand level_3 evcal_desc_info evogap10'><\/span><span class='evcal_desc3'><\/span><\/span><em class='evoet_data' style='display:none' data-bgc='#d64b28'data-bggrad=''><\/em><\/a><\/p><div class='event_description evcal_eventcard ' style=\"display:none\"><div class='evocard_row bx2 bx'><div class='evocard_box time' data-c='' \n\t\t\t\t\tstyle=''><div class='evo_metarow_time evorow evcal_evdata_row evcal_evrow_sm '>\n\t\t<span class='evcal_evdata_icons'><i class='fa fa-clock'><\/i><\/span>\n\t\t<div class='evcal_evdata_cell'>\t\t\t\t\t\t\t\n\t\t\t<h3 class='evo_h3'><span class='evcal_evdata_icons'><i class='fa fa-clock'><\/i><\/span>Time<\/h3><p><span class='evo_eventcard_time_t'>07.09.2027 - 12.09.2027 (All Day)<\/span><span class='evo_tz'>(GMT+02:00)<\/span><\/p>\n\t\t<\/div>\n\t<\/div><\/div><div class='evocard_box location' data-c='' \n\t\t\t\t\tstyle=''><div class='evcal_evdata_row evo_metarow_time_location evorow '>\n\t\t\n\t\t\t<span class='evcal_evdata_icons'><i class='fa fa-map-marker'><\/i><\/span>\n\t\t\t<div class='evcal_evdata_cell' data-loc_tax_id='8'><h3 class='evo_h3'><span class='evcal_evdata_icons'><i class='fa fa-map-marker'><\/i><\/span>Location<\/h3><p class='evo_location_name' style='margin-bottom:10px; font-size:15px;'>M\u00fcnchen<\/p><p class='evo_location_address evodfxi evogap10'>Munich, German<a href='https:\/\/www.google.com\/maps?q=Munich%2C+German' target='_blank'><i class='fa fa-arrow-up-right-from-square'><\/i><\/a><\/p><\/div>\n\t\t\n\t<\/div><\/div><\/div><div class='evocard_row'><div class='evocard_box addtocal' data-c='' \n\t\t\t\t\tstyle=''><div class='evo_metarow_ICS evorow evcal_evdata_row'>\n\t\t\t<span class='evcal_evdata_icons'><i class='fa fa-calendar-o'><\/i><\/span>\n\t\t\t<div class='evcal_evdata_cell'>\n\t\t\t\t<p><a href='https:\/\/www.sand-im-getriebe.mobi\/en\/export-events\/762_0\/?nonce=d5c75e30ea' class='evo_ics_nCal' title='Add to your calendar'>Calendar<\/a><a href='\/\/www.google.com\/calendar\/event?action=TEMPLATE&amp;text=IAA-Proteste&amp;dates=20270906\/20270913&amp;ctz=Europe\/Berlin&amp;details=IAA-Proteste&amp;location=M%C3%BCnchenMunich%2C+German' target='_blank' class='evo_ics_gCal' title='Add to google calendar'>GoogleCal<\/a><\/p>\t\n\t\t\t<\/div>\n\t\t<\/div><\/div><\/div><div class='evocard_row'><div class='evocard_box getdirection' data-c='' \n\t\t\t\t\tstyle=''><div class='evo_metarow_getDr evorow evcal_evdata_row evcal_evrow_sm getdirections'>\n\t<form action='https:\/\/maps.google.com\/maps' method='get' target='_blank'>\n\t<input type='hidden' name='daddr' value=\"Munich, German\"\/> \n\t<p><input class='evoInput' type='text' name='saddr' placeholder='Type your address to get directions' value=''\/>\n\t<button type='submit' class='evcal_evdata_icons evcalicon_9' title='Click here to get directions'><i class='fa fa-road'><\/i><\/button>\n\t<\/p><\/form>\n<\/div><\/div><\/div><div class='evo_card_row_end evcal_close' title='Close'><\/div><\/div><div class='clear end'><\/div><\/div><\/div>\t\t\t<div class='clear'><\/div>\n\t\t\t<\/div>\n\t\t\t<div class='clear'><\/div>\n\t\t\t\n\t\t\t\t\t \t<div id='evcal_footer' class='evo_bottom' style='display:none'>\n\t\t \t\t<div class='evo_cal_data' data-sc='{&quot;accord&quot;:&quot;no&quot;,&quot;bottom_nav&quot;:&quot;no&quot;,&quot;cal_id&quot;:&quot;&quot;,&quot;cal_init_nonajax&quot;:&quot;no&quot;,&quot;calendar_type&quot;:&quot;list&quot;,&quot;ep_fields&quot;:&quot;&quot;,&quot;etc_override&quot;:&quot;no&quot;,&quot;evc_open&quot;:&quot;no&quot;,&quot;event_count&quot;:0,&quot;event_location&quot;:&quot;all&quot;,&quot;event_order&quot;:&quot;ASC&quot;,&quot;event_organizer&quot;:&quot;all&quot;,&quot;event_parts&quot;:&quot;no&quot;,&quot;event_past_future&quot;:&quot;all&quot;,&quot;event_status&quot;:&quot;all&quot;,&quot;event_tag&quot;:&quot;all&quot;,&quot;event_type&quot;:&quot;all&quot;,&quot;event_type_2&quot;:&quot;all&quot;,&quot;event_virtual&quot;:&quot;all&quot;,&quot;eventtop_date_style&quot;:0,&quot;eventtop_style&quot;:&quot;2&quot;,&quot;exp_jumper&quot;:&quot;no&quot;,&quot;exp_so&quot;:&quot;no&quot;,&quot;filter_relationship&quot;:&quot;AND&quot;,&quot;filter_show_set_only&quot;:&quot;no&quot;,&quot;filter_type&quot;:&quot;default&quot;,&quot;filters&quot;:&quot;yes&quot;,&quot;fixed_month&quot;:&quot;4&quot;,&quot;fixed_year&quot;:&quot;2026&quot;,&quot;focus_end_date_range&quot;:&quot;1838152799&quot;,&quot;focus_start_date_range&quot;:&quot;1774994400&quot;,&quot;ft_event_priority&quot;:&quot;no&quot;,&quot;hide_arrows&quot;:&quot;no&quot;,&quot;hide_cancels&quot;:&quot;no&quot;,&quot;hide_empty_months&quot;:&quot;yes&quot;,&quot;hide_end_time&quot;:&quot;no&quot;,&quot;hide_et_dn&quot;:&quot;no&quot;,&quot;hide_et_extra&quot;:&quot;no&quot;,&quot;hide_et_tags&quot;:&quot;no&quot;,&quot;hide_et_tl&quot;:&quot;no&quot;,&quot;hide_ft&quot;:&quot;no&quot;,&quot;hide_ft_img&quot;:&quot;no&quot;,&quot;hide_month_headers&quot;:&quot;no&quot;,&quot;hide_mult_occur&quot;:&quot;no&quot;,&quot;hide_past&quot;:&quot;no&quot;,&quot;hide_past_by&quot;:&quot;ee&quot;,&quot;hide_so&quot;:&quot;no&quot;,&quot;ics&quot;:&quot;no&quot;,&quot;jumper&quot;:&quot;no&quot;,&quot;jumper_count&quot;:5,&quot;jumper_offset&quot;:&quot;0&quot;,&quot;lang&quot;:&quot;L1&quot;,&quot;layout_changer&quot;:&quot;no&quot;,&quot;livenow_bar&quot;:&quot;yes&quot;,&quot;mapformat&quot;:&quot;roadmap&quot;,&quot;mapiconurl&quot;:&quot;&quot;,&quot;maps_load&quot;:&quot;no&quot;,&quot;mapscroll&quot;:&quot;true&quot;,&quot;mapzoom&quot;:&quot;18&quot;,&quot;members_only&quot;:&quot;no&quot;,&quot;ml_priority&quot;:&quot;no&quot;,&quot;month_incre&quot;:0,&quot;number_of_months&quot;:&quot;24&quot;,&quot;only_ft&quot;:&quot;no&quot;,&quot;pec&quot;:&quot;&quot;,&quot;s&quot;:&quot;&quot;,&quot;search&quot;:&quot;&quot;,&quot;search_all&quot;:&quot;no&quot;,&quot;sep_month&quot;:&quot;yes&quot;,&quot;show_et_ft_img&quot;:&quot;no&quot;,&quot;show_limit&quot;:&quot;no&quot;,&quot;show_limit_ajax&quot;:&quot;no&quot;,&quot;show_limit_paged&quot;:1,&quot;show_limit_redir&quot;:&quot;&quot;,&quot;show_repeats&quot;:&quot;no&quot;,&quot;show_upcoming&quot;:0,&quot;show_year&quot;:&quot;yes&quot;,&quot;social_share&quot;:&quot;no&quot;,&quot;sort_by&quot;:&quot;sort_date&quot;,&quot;tile_bg&quot;:0,&quot;tile_bg_size&quot;:&quot;full&quot;,&quot;tile_count&quot;:2,&quot;tile_height&quot;:0,&quot;tile_style&quot;:0,&quot;tiles&quot;:&quot;no&quot;,&quot;ux_val&quot;:&quot;0&quot;,&quot;wpml_l1&quot;:&quot;&quot;,&quot;wpml_l2&quot;:&quot;&quot;,&quot;wpml_l3&quot;:&quot;&quot;,&quot;yl_priority&quot;:&quot;no&quot;,&quot;fixed_day&quot;:&quot;17&quot;,&quot;_cver&quot;:&quot;2.4.9&quot;}'data-od='{&quot;lang_no_events&quot;:&quot;No Events&quot;,&quot;cal_tz_offset&quot;:120,&quot;cal_tz&quot;:&quot;Europe\\\/Berlin&quot;}'><\/div>\n\t\t \t\t<div class='evo_cal_events' data-events=\"\"><\/div>\n\t\t \t<\/div>\n\t\t\t\t\n\t\t\t\n\t\t\t\n\t\t\t\t\t\t<\/div><!-- EventON End -->\n\t\t\t<\/div>\n<\/div>\n<\/div>\n<\/div>\n\n\n\n<div class=\"wp-block-group alignfull is-layout-constrained wp-block-group-is-layout-constrained\">\n<div class=\"wp-block-media-text alignfull has-media-on-the-right is-stacked-on-mobile is-vertically-aligned-center is-style-default\" style=\"padding-top:0;padding-bottom:0;grid-template-columns:auto 54%\"><div class=\"wp-block-media-text__content\">\n<div class=\"wp-block-group is-layout-constrained wp-container-core-group-is-layout-44944200 wp-block-group-is-layout-constrained\" style=\"padding-top:var(--wp--preset--spacing--70);padding-right:var(--wp--preset--spacing--40);padding-bottom:var(--wp--preset--spacing--80);padding-left:var(--wp--preset--spacing--40)\">\n<h2 class=\"wp-block-heading has-text-color\" style=\"color:#000000\"><strong>Inhalte<\/strong><\/h2>\n\n\n\n<div class=\"wp-block-query is-layout-flow wp-block-query-is-layout-flow\">\n<div class=\"wp-block-group is-layout-flow wp-block-group-is-layout-flow\" style=\"padding-top:0;padding-right:var(--wp--preset--spacing--20);padding-bottom:0;padding-left:var(--wp--preset--spacing--20)\"><ul style=\"text-transform:none;\" class=\"alignfull wp-block-post-template is-layout-flow wp-block-post-template-is-layout-flow\"><li class=\"wp-block-post post-803 post type-post status-publish format-standard hentry category-uncategorized\">\n\n<div class=\"wp-block-group is-layout-flow wp-container-core-group-is-layout-2f0c1fab wp-block-group-is-layout-flow\" style=\"padding-bottom:var(--wp--preset--spacing--50)\">\n<div class=\"wp-block-group is-content-justification-space-between is-nowrap is-layout-flex wp-container-core-group-is-layout-b4f66ff3 wp-block-group-is-layout-flex\" style=\"border-bottom-color:var(--wp--preset--color--contrast);border-bottom-width:4px;padding-top:var(--wp--preset--spacing--30);padding-right:0;padding-bottom:var(--wp--preset--spacing--30);padding-left:0\"><div style=\"font-style:normal;font-weight:600;letter-spacing:1px; margin-top:0;margin-right:0;margin-bottom:0;margin-left:0;\" class=\"has-text-align-left has-link-color wp-elements-ecdc54c6744ce6eba006930e269c7c4e wp-block-post-date has-text-color has-contrast-color has-medium-font-size\"><time datetime=\"2025-11-08T11:19:19+01:00\">11.8<\/time><\/div>\n\n<div style=\"font-style:normal;font-weight:600;letter-spacing:1px; margin-top:0;margin-right:0;margin-bottom:0;margin-left:0;\" class=\"has-text-align-left has-link-color wp-elements-c1a2fa9e34df835c278ae9db5efc105c wp-block-post-date has-text-color has-contrast-color has-medium-font-size\"><time datetime=\"2025-11-08T11:19:19+01:00\">2025<\/time><\/div><\/div>\n\n\n<h3 style=\"font-style:normal;font-weight:600;line-height:1.1; padding-top:var(--wp--preset--spacing--30);\" class=\"has-link-color wp-elements-d9e6ecc9b8b95dc72c7dcb922ea6b473 wp-block-post-title has-text-color has-contrast-color has-medium-font-size\"><a href=\"https:\/\/www.sand-im-getriebe.mobi\/en\/warum-blockieren-wir-die-iaa\/\" target=\"_self\" >Warum blockieren wir die IAA?<\/a><\/h3><\/div>\n\n<\/li><li class=\"wp-block-post post-788 post type-post status-publish format-standard hentry category-uncategorized\">\n\n<div class=\"wp-block-group is-layout-flow wp-container-core-group-is-layout-2f0c1fab wp-block-group-is-layout-flow\" style=\"padding-bottom:var(--wp--preset--spacing--50)\">\n<div class=\"wp-block-group is-content-justification-space-between is-nowrap is-layout-flex wp-container-core-group-is-layout-b4f66ff3 wp-block-group-is-layout-flex\" style=\"border-bottom-color:var(--wp--preset--color--contrast);border-bottom-width:4px;padding-top:var(--wp--preset--spacing--30);padding-right:0;padding-bottom:var(--wp--preset--spacing--30);padding-left:0\"><div style=\"font-style:normal;font-weight:600;letter-spacing:1px; margin-top:0;margin-right:0;margin-bottom:0;margin-left:0;\" class=\"has-text-align-left has-link-color wp-elements-ecdc54c6744ce6eba006930e269c7c4e wp-block-post-date has-text-color has-contrast-color has-medium-font-size\"><time datetime=\"2025-11-07T23:12:19+01:00\">11.7<\/time><\/div>\n\n<div style=\"font-style:normal;font-weight:600;letter-spacing:1px; margin-top:0;margin-right:0;margin-bottom:0;margin-left:0;\" class=\"has-text-align-left has-link-color wp-elements-c1a2fa9e34df835c278ae9db5efc105c wp-block-post-date has-text-color has-contrast-color has-medium-font-size\"><time datetime=\"2025-11-07T23:12:19+01:00\">2025<\/time><\/div><\/div>\n\n\n<h3 style=\"font-style:normal;font-weight:600;line-height:1.1; padding-top:var(--wp--preset--spacing--30);\" class=\"has-link-color wp-elements-d9e6ecc9b8b95dc72c7dcb922ea6b473 wp-block-post-title has-text-color has-contrast-color has-medium-font-size\"><a href=\"https:\/\/www.sand-im-getriebe.mobi\/en\/warum-die-produktion-von-elektroautos-neokolonial-ist\/\" target=\"_self\" >Warum die Produktion von Elektroautos neokolonial ist<\/a><\/h3><\/div>\n\n<\/li><li class=\"wp-block-post post-799 post type-post status-publish format-standard hentry category-uncategorized\">\n\n<div class=\"wp-block-group is-layout-flow wp-container-core-group-is-layout-2f0c1fab wp-block-group-is-layout-flow\" style=\"padding-bottom:var(--wp--preset--spacing--50)\">\n<div class=\"wp-block-group is-content-justification-space-between is-nowrap is-layout-flex wp-container-core-group-is-layout-b4f66ff3 wp-block-group-is-layout-flex\" style=\"border-bottom-color:var(--wp--preset--color--contrast);border-bottom-width:4px;padding-top:var(--wp--preset--spacing--30);padding-right:0;padding-bottom:var(--wp--preset--spacing--30);padding-left:0\"><div style=\"font-style:normal;font-weight:600;letter-spacing:1px; margin-top:0;margin-right:0;margin-bottom:0;margin-left:0;\" class=\"has-text-align-left has-link-color wp-elements-ecdc54c6744ce6eba006930e269c7c4e wp-block-post-date has-text-color has-contrast-color has-medium-font-size\"><time datetime=\"2022-11-12T07:00:10+01:00\">11.12<\/time><\/div>\n\n<div style=\"font-style:normal;font-weight:600;letter-spacing:1px; margin-top:0;margin-right:0;margin-bottom:0;margin-left:0;\" class=\"has-text-align-left has-link-color wp-elements-c1a2fa9e34df835c278ae9db5efc105c wp-block-post-date has-text-color has-contrast-color has-medium-font-size\"><time datetime=\"2022-11-12T07:00:10+01:00\">2022<\/time><\/div><\/div>\n\n\n<h3 style=\"font-style:normal;font-weight:600;line-height:1.1; padding-top:var(--wp--preset--spacing--30);\" class=\"has-link-color wp-elements-d9e6ecc9b8b95dc72c7dcb922ea6b473 wp-block-post-title has-text-color has-contrast-color has-medium-font-size\"><a href=\"https:\/\/www.sand-im-getriebe.mobi\/en\/autoindustrie-umverteilen\/\" target=\"_self\" >Autoindustrie? Umverteilen!<\/a><\/h3><\/div>\n\n<\/li><\/ul><\/div>\n<\/div>\n\n\n\n<p style=\"font-style:normal;font-weight:500\"><a href=\"\/blog\">Alle Inhalte &#8230;<\/a><\/p>\n<\/div>\n<\/div><figure class=\"wp-block-media-text__media\"><img loading=\"lazy\" decoding=\"async\" width=\"1024\" height=\"683\" src=\"https:\/\/www.sand-im-getriebe.mobi\/wp-content\/uploads\/2026\/01\/53172511616_3d2b75d052_o-1024x683.jpg\" alt=\"\" class=\"wp-image-896 size-full\" srcset=\"https:\/\/www.sand-im-getriebe.mobi\/wp-content\/uploads\/2026\/01\/53172511616_3d2b75d052_o-1024x683.jpg 1024w, https:\/\/www.sand-im-getriebe.mobi\/wp-content\/uploads\/2026\/01\/53172511616_3d2b75d052_o-300x200.jpg 300w, https:\/\/www.sand-im-getriebe.mobi\/wp-content\/uploads\/2026\/01\/53172511616_3d2b75d052_o-768x512.jpg 768w, https:\/\/www.sand-im-getriebe.mobi\/wp-content\/uploads\/2026\/01\/53172511616_3d2b75d052_o-1536x1024.jpg 1536w, https:\/\/www.sand-im-getriebe.mobi\/wp-content\/uploads\/2026\/01\/53172511616_3d2b75d052_o-2048x1365.jpg 2048w, https:\/\/www.sand-im-getriebe.mobi\/wp-content\/uploads\/2026\/01\/53172511616_3d2b75d052_o-18x12.jpg 18w\" sizes=\"auto, (max-width: 1024px) 100vw, 1024px\" \/><\/figure><\/div>\n<\/div>\n","protected":false},"excerpt":{"rendered":"<p>Sand im Getriebe ist eine radikale Klimagerechtigkeitsgruppe. 2019 aus einem Aktionsb\u00fcndnis hervorgegangen, gehen wir gegen die Autoindustrie und f\u00fcr eine sofortige Verkehrswende auf die Stra\u00dfe. Mehr zu uns \u2192 Termine Inhalte Alle Inhalte &#8230;<\/p>","protected":false},"author":1,"featured_media":0,"parent":0,"menu_order":0,"comment_status":"closed","ping_status":"closed","template":"","meta":{"footnotes":""},"class_list":["post-8","page","type-page","status-publish","hentry"],"blocksy_meta":{"has_hero_section":"disabled","styles_descriptor":{"styles":{"desktop":"","tablet":"","mobile":""},"google_fonts":[],"version":6}},"_links":{"self":[{"href":"https:\/\/www.sand-im-getriebe.mobi\/en\/wp-json\/wp\/v2\/pages\/8","targetHints":{"allow":["GET"]}}],"collection":[{"href":"https:\/\/www.sand-im-getriebe.mobi\/en\/wp-json\/wp\/v2\/pages"}],"about":[{"href":"https:\/\/www.sand-im-getriebe.mobi\/en\/wp-json\/wp\/v2\/types\/page"}],"author":[{"embeddable":true,"href":"https:\/\/www.sand-im-getriebe.mobi\/en\/wp-json\/wp\/v2\/users\/1"}],"replies":[{"embeddable":true,"href":"https:\/\/www.sand-im-getriebe.mobi\/en\/wp-json\/wp\/v2\/comments?post=8"}],"version-history":[{"count":294,"href":"https:\/\/www.sand-im-getriebe.mobi\/en\/wp-json\/wp\/v2\/pages\/8\/revisions"}],"predecessor-version":[{"id":921,"href":"https:\/\/www.sand-im-getriebe.mobi\/en\/wp-json\/wp\/v2\/pages\/8\/revisions\/921"}],"wp:attachment":[{"href":"https:\/\/www.sand-im-getriebe.mobi\/en\/wp-json\/wp\/v2\/media?parent=8"}],"curies":[{"name":"wp","href":"https:\/\/api.w.org\/{rel}","templated":true}]}}