{"id":76,"date":"2025-06-20T12:29:23","date_gmt":"2025-06-20T12:29:23","guid":{"rendered":"https:\/\/sig2025.uber.space\/?page_id=76"},"modified":"2025-11-07T20:57:49","modified_gmt":"2025-11-07T19:57:49","slug":"pressekontakt","status":"publish","type":"page","link":"https:\/\/www.sand-im-getriebe.mobi\/en\/pressekontakt\/","title":{"rendered":"Pressekontakt"},"content":{"rendered":"<p>\ud83d\udce8 <a href=\"mailto:presse@sand-im-getriebe.mobi\" rel=\"nofollow\">presse@sand-im-getriebe.mobi<\/a><br>\u260e\ufe0f <em>zu gr\u00f6\u00dferen Aktionen richten wir ein Pressetelefon ein und ver\u00f6ffentlichen es hier<\/em><\/p>\n\n\n\n<p><\/p>","protected":false},"excerpt":{"rendered":"<p>\ud83d\udce8 presse@sand-im-getriebe.mobi\u260e\ufe0f zu gr\u00f6\u00dferen Aktionen richten wir ein Pressetelefon ein und ver\u00f6ffentlichen es hier<\/p>","protected":false},"author":1,"featured_media":0,"parent":0,"menu_order":0,"comment_status":"closed","ping_status":"closed","template":"","meta":{"footnotes":""},"class_list":["post-76","page","type-page","status-publish","hentry"],"blocksy_meta":[],"_links":{"self":[{"href":"https:\/\/www.sand-im-getriebe.mobi\/en\/wp-json\/wp\/v2\/pages\/76","targetHints":{"allow":["GET"]}}],"collection":[{"href":"https:\/\/www.sand-im-getriebe.mobi\/en\/wp-json\/wp\/v2\/pages"}],"about":[{"href":"https:\/\/www.sand-im-getriebe.mobi\/en\/wp-json\/wp\/v2\/types\/page"}],"author":[{"embeddable":true,"href":"https:\/\/www.sand-im-getriebe.mobi\/en\/wp-json\/wp\/v2\/users\/1"}],"replies":[{"embeddable":true,"href":"https:\/\/www.sand-im-getriebe.mobi\/en\/wp-json\/wp\/v2\/comments?post=76"}],"version-history":[{"count":3,"href":"https:\/\/www.sand-im-getriebe.mobi\/en\/wp-json\/wp\/v2\/pages\/76\/revisions"}],"predecessor-version":[{"id":771,"href":"https:\/\/www.sand-im-getriebe.mobi\/en\/wp-json\/wp\/v2\/pages\/76\/revisions\/771"}],"wp:attachment":[{"href":"https:\/\/www.sand-im-getriebe.mobi\/en\/wp-json\/wp\/v2\/media?parent=76"}],"curies":[{"name":"wp","href":"https:\/\/api.w.org\/{rel}","templated":true}]}}