{"id":658,"date":"2025-08-19T19:38:29","date_gmt":"2025-08-19T17:38:29","guid":{"rendered":"https:\/\/neuer.sand-im-getriebe.mobi\/?page_id=658"},"modified":"2025-12-07T20:23:59","modified_gmt":"2025-12-07T19:23:59","slug":"aktionskonsens","status":"publish","type":"page","link":"https:\/\/www.sand-im-getriebe.mobi\/en\/aktionskonsens\/","title":{"rendered":"Aktionskonsens"},"content":{"rendered":"<p><em>Der folgende Aktionskonsens ist ein verbindlicher Rahmen\u00a0aller &#8222;Sand im Getriebe&#8220;-Aktionen w\u00e4hrend der IAA 2025. Der Aktionskonsens ist Voraussetzung daf\u00fcr, dass\u00a0unsere Aktionen\u00a0f\u00fcr alle Teilnehmenden transparent und gut einzusch\u00e4tzen sind. Alle Menschen, die sich diesem Konsens anschlie\u00dfen, laden wir herzlich ein, sich an Aktionen zu beteiligen oder selbst welche Durchzuf\u00fchren.<\/em><\/p>\n\n\n\n<h2 class=\"wp-block-heading\"><strong>Sand im Getriebe Aktionen<\/strong><\/h2>\n\n\n\n<p><strong>Als Sand im Getriebe stellen wir uns, gemeinsam mit vielen anderen wundervollen Menschen, seit 2019 gegen die Werbeschau IAA als Symbol f\u00fcr die Verhinderung einer sozial gerechten Mobilit\u00e4tswende. Dieses Jahr planen wir keine \u00f6ffentlich angek\u00fcndigte Massenaktion Zivilen Ungehorsams. Stattdessen wollen w\u00e4hrend der IAA und im Vorfeld einen bunten, kreativen und direkten Blumenstrau\u00df an Aktionsideen teilen. &#8222;Sand im Getriebe&#8220;-Aktionen k\u00f6nnen also sehr unterschiedlich aussehen und sehr unterschiedliche Aktionslevel haben. Selbst, wenn keine Orga-Menschen von Sand im Getriebe bei einer Aktion dabei sind, k\u00f6nnen gerne unsere Aktionsideen, das Label \u201cSand im Getriebe\u201d, unsere Platformen, oder unsere Support-Strukturen genutzt werden &#8211; je nachdem, ob Du und Deine Bezugi das gerne m\u00f6chtet. Die einzige Bedingung daf\u00fcr ist, dass die Aktion im Wesentlichen diesem Selbstverst\u00e4ndnis entspricht. Meldet euch gerne per Mail oder sprecht uns auf dem Mobilit\u00e4tswendecamp an!<\/strong><\/p>\n\n\n\n<p><strong>Mit allen Aktionen m\u00f6chten wir das Festhalten von Automobilkonzernen und Politik an einem t\u00f6dlichen, exklusiven, ressourcenfressenden Mobilit\u00e4tssystem anprangern. Wir wollen auch die kapitalistischen Zw\u00e4nge, die dies befeuern, aufzeigen.<\/strong><\/p>\n\n\n\n<p><strong>Vor allem m\u00f6chten wir aber utopische Momente und Alternativen aufzeigen. Deshalb wollen wir mit unseren Aktionen ein Bild der Vielfalt, Kreativit\u00e4t und Offenheit vermitteln. Wir wollen Barrieren reflektieren und abbauen, um allen Menschen Teilhabe zu erm\u00f6glichen. Auch soll es keine Rolle spielen, ob Menschen schon Erfahrung mit Protesten haben oder (noch) nicht.<\/strong><\/p>\n\n\n\n<p><strong>Wir k\u00e4mpfen entschlossen f\u00fcr ein gutes Leben f\u00fcr alle: System Change not Climate Change!<\/strong><\/p>\n\n\n\n<p><strong>Parteifahnen sind mit Sand im Getriebe Aktionen nicht vereinbar. Bitte zeigt auch keine Nationalflaggen.<\/strong><\/p>\n\n\n\n<h2 class=\"wp-block-heading\"><strong>Vorbereitung &amp; Aktionsende<\/strong><\/h2>\n\n\n\n<p>Wir achten aufeinander. Alle sollen selbstbestimmt entscheiden, wie sie in Aktion treten. Wir bereiten uns gut auf die Aktion vor, beispielsweise durch Aktionstrainings oder Legal Workshops auf dem Moblit\u00e4tswendecamp. Wir unterst\u00fctzen einander in der Aktion und haben die Kapazit\u00e4ten von Strukturen und Einzelpersonen im Blick. \u00dcber die Aktionsl\u00e4nge von Blockaden entscheiden wir gemeinsam und vor Ort in enger Absprache mit den Supportstrukturen. Nach der Aktion verarbeiten wir gemeinsam das Erlebte und tragen Repressionen kollektiv.<\/p>\n\n\n\n<h2 class=\"wp-block-heading\"><strong>Aktionsformen<\/strong><\/h2>\n\n\n\n<p>Bei unseren Aktionen im Rahmen von DisruptIAA hat die Sicherheit der teilnehmenden Aktivist*innen oberste Priorit\u00e4t.&nbsp;Unsere Aktionen sehen sich in der Tradition des zivilen Ungehorsams.&nbsp; Wir glauben fest daran, dass wir einen Schritt weiter&nbsp;als gehorsame Demonstrationen&nbsp;gehen m\u00fcssen, um die notwendigen Ver\u00e4nderungen hin zu einer&nbsp;sozial-\u00f6kologischen Gesellschaft herbeizuf\u00fchren.Dieser Unegjorsam kann sich durch das Blockieren mit unseren K\u00f6rpern, durch das Hinterlassen von tempor\u00e4ren oder bleibenden Spuren, durch Vorleben r\u00fccksichtsvollerer Umgangsformen, oder ganz Anders zeigen. Nie werden wir gezielt Menschen physisch verletzen. Mit unseren Aktionen richten wir uns gegen die Autokonzerne und ihre Greenwashing-Show IAA, nicht jedoch gegen Einzelpersonen, Arbeitende oder deren pers\u00f6nlichen Besitz. Wir nehmen kurzfristige Behinderungen des gesellschaftlichen Normalablaufs in Kauf.<\/p>\n\n\n\n<p>Besonders die letzten Jahre haben uns gezeigt, dass trotz&nbsp;gro\u00dfer Proteste keine Ende des zerst\u00f6rerischen&nbsp;\u201eStatus Quo\u201c in Sicht ist.&nbsp;Die meisten unserer Aktionen \u00fcberschreiten daher bewusst legale Formen des Protests; denn angesichts der Dringlichkeit der Klimakrise halten wir diese&nbsp;Form des Widerstands&nbsp;f\u00fcr&nbsp;notwendig&nbsp;und legitim. Der Druck von unten durch mutige Menschen schaut auf eine lange Tradition zahlreicher sozialer Bewegungen weltweit zur\u00fcck.<\/p>\n\n\n\n<h2 class=\"wp-block-heading\"><strong>Selbstverst\u00e4ndnis<\/strong><\/h2>\n\n\n\n<p>Wir kommen aus verschiedenen sozialen Bewegungen und politischen Spektren und sehen uns als Teil der Klimagerechtigkeitsbewegung. Wir k\u00e4mpfen f\u00fcr eine soziale und \u00f6kologische Gesellschaft und stellen uns gegen Kapitalismus,&nbsp;Neokolonialismus&nbsp;und patriarchale Strukturen. Wir sind solidarisch mit allen, die Widerstand leisten, f\u00fcr eine klimagerechte Welt. In unseren Aktionen nehmen wir die Welt, die wir uns w\u00fcnschen, ein St\u00fcck weit vorweg. Unsere Entscheidungen treffen wir basisdemokratisch und im Konsens; Hierarchien versuchen wir so weit wie m\u00f6glich abzubauen.&nbsp;<strong>Wir wollen in unseren K\u00e4mpfen feministisch, antifaschistisch, antirassistisch, antikapitalistisch und gegen jeden Antisemitismus sein.<\/strong>&nbsp;Wir sind uns allt\u00e4glicher und struktureller Diskriminierungen untereinander und durch unsere Umwelt bewusst und setzen uns aktiv dagegen ein. Wir bem\u00fchen uns darum, denen, die Diskriminierung erfahren, Raum anzubieten und das kollektive Bewusstsein und die Aufmerksamkeit daf\u00fcr zu st\u00e4rken. Jeglichen homophoben, klassistischen, ableistischen, patriarchalen, nationalistischen, rassistischen, verschw\u00f6rungsideologischen oder anderen reaktion\u00e4ren Tendenzen und Vereinnahmungsversuchen treten wir entschieden entgegen.<\/p>\n\n\n\n<p><\/p>","protected":false},"excerpt":{"rendered":"<p>Der folgende Aktionskonsens ist ein verbindlicher Rahmen\u00a0aller &#8222;Sand im Getriebe&#8220;-Aktionen w\u00e4hrend der IAA 2025. Der Aktionskonsens ist Voraussetzung daf\u00fcr, dass\u00a0unsere Aktionen\u00a0f\u00fcr alle Teilnehmenden transparent und gut einzusch\u00e4tzen sind. Alle Menschen, die sich diesem Konsens anschlie\u00dfen, laden wir herzlich ein, sich an Aktionen zu beteiligen oder selbst welche Durchzuf\u00fchren. Sand im Getriebe Aktionen Als Sand im [&hellip;]<\/p>\n","protected":false},"author":1,"featured_media":0,"parent":0,"menu_order":0,"comment_status":"closed","ping_status":"closed","template":"","meta":{"footnotes":""},"class_list":["post-658","page","type-page","status-publish","hentry"],"blocksy_meta":[],"_links":{"self":[{"href":"https:\/\/www.sand-im-getriebe.mobi\/en\/wp-json\/wp\/v2\/pages\/658","targetHints":{"allow":["GET"]}}],"collection":[{"href":"https:\/\/www.sand-im-getriebe.mobi\/en\/wp-json\/wp\/v2\/pages"}],"about":[{"href":"https:\/\/www.sand-im-getriebe.mobi\/en\/wp-json\/wp\/v2\/types\/page"}],"author":[{"embeddable":true,"href":"https:\/\/www.sand-im-getriebe.mobi\/en\/wp-json\/wp\/v2\/users\/1"}],"replies":[{"embeddable":true,"href":"https:\/\/www.sand-im-getriebe.mobi\/en\/wp-json\/wp\/v2\/comments?post=658"}],"version-history":[{"count":2,"href":"https:\/\/www.sand-im-getriebe.mobi\/en\/wp-json\/wp\/v2\/pages\/658\/revisions"}],"predecessor-version":[{"id":879,"href":"https:\/\/www.sand-im-getriebe.mobi\/en\/wp-json\/wp\/v2\/pages\/658\/revisions\/879"}],"wp:attachment":[{"href":"https:\/\/www.sand-im-getriebe.mobi\/en\/wp-json\/wp\/v2\/media?parent=658"}],"curies":[{"name":"wp","href":"https:\/\/api.w.org\/{rel}","templated":true}]}}