{"id":353,"date":"2025-06-21T17:51:46","date_gmt":"2025-06-21T15:51:46","guid":{"rendered":"https:\/\/sig2025.uber.space\/?page_id=353"},"modified":"2025-12-07T20:10:18","modified_gmt":"2025-12-07T19:10:18","slug":"newsletter","status":"publish","type":"page","link":"https:\/\/www.sand-im-getriebe.mobi\/en\/newsletter\/","title":{"rendered":"Newsletter"},"content":{"rendered":"<p>Du magst die groben Entwicklungen bei Sand im Getriebe mitbekommen, aber nicht gleich tief in die Kan\u00e4le einsteigen? Dann ist unser Newsletter das Richtige.<\/p>\n\n\n\n<p>\u00dcber den Newsletter kommunizieren wir z.B. \u00f6ffentliche Aktionen, Vortr\u00e4ge, Workshops und Kennenlern- und Onboarding-M\u00f6glichkeiten und den ein oder anderen R\u00fcckblick auf Aktionen.<\/p>\n\n\n\n<div class=\"wpcf7 no-js\" id=\"wpcf7-f818-o1\" lang=\"en-US\" dir=\"ltr\" data-wpcf7-id=\"818\">\n<div class=\"screen-reader-response\"><p role=\"status\" aria-live=\"polite\" aria-atomic=\"true\"><\/p> <ul><\/ul><\/div>\n<form action=\"\/en\/wp-json\/wp\/v2\/pages\/353#wpcf7-f818-o1\" method=\"post\" class=\"wpcf7-form init wpcf7-acceptance-as-validation\" aria-label=\"Contact form\" novalidate=\"novalidate\" data-status=\"init\" data-trp-original-action=\"\/en\/wp-json\/wp\/v2\/pages\/353#wpcf7-f818-o1\">\n<fieldset class=\"hidden-fields-container\"><input type=\"hidden\" name=\"_wpcf7\" value=\"818\" \/><input type=\"hidden\" name=\"_wpcf7_version\" value=\"6.1.5\" \/><input type=\"hidden\" name=\"_wpcf7_locale\" value=\"en_US\" \/><input type=\"hidden\" name=\"_wpcf7_unit_tag\" value=\"wpcf7-f818-o1\" \/><input type=\"hidden\" name=\"_wpcf7_container_post\" value=\"0\" \/><input type=\"hidden\" name=\"_wpcf7_posted_data_hash\" value=\"\" \/>\n<\/fieldset>\n<p><label>Wie m\u00f6chtest Du genannt werden?<br \/>\n<span class=\"wpcf7-form-control-wrap\" data-name=\"text-694\"><input size=\"40\" maxlength=\"400\" class=\"wpcf7-form-control wpcf7-text\" aria-invalid=\"false\" value=\"\" type=\"text\" name=\"text-694\" \/><\/span><br \/>\n<\/label><br \/>\n<label> eMail-Adresse<br \/>\n<span class=\"wpcf7-form-control-wrap\" data-name=\"your-email\"><input size=\"40\" maxlength=\"400\" class=\"wpcf7-form-control wpcf7-email wpcf7-validates-as-required wpcf7-text wpcf7-validates-as-email\" autocomplete=\"email\" aria-required=\"true\" aria-invalid=\"false\" value=\"\" type=\"email\" name=\"your-email\" \/><\/span> <\/label><br \/>\n<span class=\"wpcf7-form-control-wrap\" data-name=\"acceptance-184\"><span class=\"wpcf7-form-control wpcf7-acceptance\"><span class=\"wpcf7-list-item\"><label><input type=\"checkbox\" name=\"acceptance-184\" value=\"1\" aria-invalid=\"false\" \/><span class=\"wpcf7-list-item-label\">Ich m\u00f6chte dass meine eMail in der Liste der Newsletterempfangenden gespeichert wird.<\/span><\/label><\/span><\/span><\/span><br \/>\n<input class=\"wpcf7-form-control wpcf7-submit has-spinner\" type=\"submit\" value=\"Best\u00e4tigen\" \/>\n<\/p><div class=\"wpcf7-response-output\" aria-hidden=\"true\"><\/div>\n<input type=\"hidden\" name=\"trp-form-language\" value=\"en\"\/><\/form>\n<\/div>","protected":false},"excerpt":{"rendered":"<p>Du magst die groben Entwicklungen bei Sand im Getriebe mitbekommen, aber nicht gleich tief in die Kan\u00e4le einsteigen? Dann ist unser Newsletter das Richtige. \u00dcber den Newsletter kommunizieren wir z.B. \u00f6ffentliche Aktionen, Vortr\u00e4ge, Workshops und Kennenlern- und Onboarding-M\u00f6glichkeiten und den ein oder anderen R\u00fcckblick auf Aktionen.<\/p>","protected":false},"author":1,"featured_media":0,"parent":0,"menu_order":0,"comment_status":"closed","ping_status":"closed","template":"","meta":{"footnotes":""},"class_list":["post-353","page","type-page","status-publish","hentry"],"blocksy_meta":[],"_links":{"self":[{"href":"https:\/\/www.sand-im-getriebe.mobi\/en\/wp-json\/wp\/v2\/pages\/353","targetHints":{"allow":["GET"]}}],"collection":[{"href":"https:\/\/www.sand-im-getriebe.mobi\/en\/wp-json\/wp\/v2\/pages"}],"about":[{"href":"https:\/\/www.sand-im-getriebe.mobi\/en\/wp-json\/wp\/v2\/types\/page"}],"author":[{"embeddable":true,"href":"https:\/\/www.sand-im-getriebe.mobi\/en\/wp-json\/wp\/v2\/users\/1"}],"replies":[{"embeddable":true,"href":"https:\/\/www.sand-im-getriebe.mobi\/en\/wp-json\/wp\/v2\/comments?post=353"}],"version-history":[{"count":4,"href":"https:\/\/www.sand-im-getriebe.mobi\/en\/wp-json\/wp\/v2\/pages\/353\/revisions"}],"predecessor-version":[{"id":867,"href":"https:\/\/www.sand-im-getriebe.mobi\/en\/wp-json\/wp\/v2\/pages\/353\/revisions\/867"}],"wp:attachment":[{"href":"https:\/\/www.sand-im-getriebe.mobi\/en\/wp-json\/wp\/v2\/media?parent=353"}],"curies":[{"name":"wp","href":"https:\/\/api.w.org\/{rel}","templated":true}]}}