{"id":31,"date":"2025-06-20T11:47:24","date_gmt":"2025-06-20T11:47:24","guid":{"rendered":"https:\/\/sig2025.uber.space\/?page_id=31"},"modified":"2025-12-07T20:11:37","modified_gmt":"2025-12-07T19:11:37","slug":"spenden","status":"publish","type":"page","link":"https:\/\/www.sand-im-getriebe.mobi\/en\/spenden\/","title":{"rendered":"Spenden"},"content":{"rendered":"<p>Aktionsmaterialien, Verpflegung, die Logistik hinter einer Aktion: Das alles kostet Geld.<br>Damit wir Automobilindustrie und -politik auch weiterhin das Handwerk legen k\u00f6nnen, sind wir auf Eure Unterst\u00fctzung angewiesen!<\/p>\n\n\n\n<p>Und nach manchen Aktionen haben Strafverfolgungsbeh\u00f6rden noch Rechnungen mit einzelnen Teilnehmenden offen, die wir nat\u00fcrlich solidarisch tragen.\u00a0Je unbequemer die Kritik wird, je st\u00e4rker wird sie verdr\u00e4ngt und kriminalisiert. Schon 1 \u20ac zeigt uns, dass die Urteile nicht in Deinem Namen gesprochen werden. Wenn Du mehr geben kannst, verteilen wir die Geldstrafen und Verteidigungskosten so um, dass die Repressionen wirkungslos bleiben!<\/p>\n\n\n\n<p>Regelm\u00e4\u00dfige Unterst\u00fctzung macht unser Arbeit am Besten planbar. Aktuell kannst du uns \u00fcber unser <a href=\"https:\/\/steadyhq.com\/en\/sand-im-getriebe\/\">SteadyHQ-Projekt <\/a>unterst\u00fctzen. Eine Bankverbindung richten wir gerade ein.<\/p>\n\n\n\n<p><\/p>","protected":false},"excerpt":{"rendered":"<p>Aktionsmaterialien, Verpflegung, die Logistik hinter einer Aktion: Das alles kostet Geld.Damit wir Automobilindustrie und -politik auch weiterhin das Handwerk legen k\u00f6nnen, sind wir auf Eure Unterst\u00fctzung angewiesen! Und nach manchen Aktionen haben Strafverfolgungsbeh\u00f6rden noch Rechnungen mit einzelnen Teilnehmenden offen, die wir nat\u00fcrlich solidarisch tragen.\u00a0Je unbequemer die Kritik wird, je st\u00e4rker wird sie verdr\u00e4ngt und kriminalisiert. [&hellip;]<\/p>\n","protected":false},"author":1,"featured_media":0,"parent":0,"menu_order":0,"comment_status":"closed","ping_status":"closed","template":"","meta":{"footnotes":""},"class_list":["post-31","page","type-page","status-publish","hentry"],"blocksy_meta":[],"_links":{"self":[{"href":"https:\/\/www.sand-im-getriebe.mobi\/en\/wp-json\/wp\/v2\/pages\/31","targetHints":{"allow":["GET"]}}],"collection":[{"href":"https:\/\/www.sand-im-getriebe.mobi\/en\/wp-json\/wp\/v2\/pages"}],"about":[{"href":"https:\/\/www.sand-im-getriebe.mobi\/en\/wp-json\/wp\/v2\/types\/page"}],"author":[{"embeddable":true,"href":"https:\/\/www.sand-im-getriebe.mobi\/en\/wp-json\/wp\/v2\/users\/1"}],"replies":[{"embeddable":true,"href":"https:\/\/www.sand-im-getriebe.mobi\/en\/wp-json\/wp\/v2\/comments?post=31"}],"version-history":[{"count":4,"href":"https:\/\/www.sand-im-getriebe.mobi\/en\/wp-json\/wp\/v2\/pages\/31\/revisions"}],"predecessor-version":[{"id":869,"href":"https:\/\/www.sand-im-getriebe.mobi\/en\/wp-json\/wp\/v2\/pages\/31\/revisions\/869"}],"wp:attachment":[{"href":"https:\/\/www.sand-im-getriebe.mobi\/en\/wp-json\/wp\/v2\/media?parent=31"}],"curies":[{"name":"wp","href":"https:\/\/api.w.org\/{rel}","templated":true}]}}