{"id":20,"date":"2025-06-20T11:38:08","date_gmt":"2025-06-20T11:38:08","guid":{"rendered":"https:\/\/sig2025.uber.space\/?page_id=20"},"modified":"2026-01-15T16:14:12","modified_gmt":"2026-01-15T15:14:12","slug":"mitmachen","status":"publish","type":"page","link":"https:\/\/www.sand-im-getriebe.mobi\/en\/mitmachen\/","title":{"rendered":"Mitmachen"},"content":{"rendered":"\n<p>Wir sind gerade dabei unsere Strategie zu \u00fcberarbeiten und uns ein wenig neu zu erfinden. Wenn dich das reizt und du dich einbringen m\u00f6chtest, freuen wir uns sehr dich kennen zu lernen. <\/p>\n\n\n\n<p>Meld dich einfach bei <a href=\"mailto:info@sand-im-getriebe.mobi\">info@sand-im-getriebe.mobi<\/a> [<a href=\"https:\/\/keys.openpgp.org\/vks\/v1\/by-fingerprint\/39319A385005775BEDD96D48FDB40467C5E93F4D\">PGP-Schl\u00fcssel<\/a>].<\/p>\n\n\n\n<p><em>Wenn du dazu schreibst, wo du dich so aufh\u00e4ltst, kannst du dich vielleicht unkompliziert mit einem Menschen vor Ort auf einen kurzen Schnack treffen. Sonst finden wir in einem kurzen Call heraus, wo du dich gerade gut einbringen kannst, oder ob du zum n\u00e4chsten Pr\u00e4senztreffen kommen magst. Die sind alle 2 Monate.<\/em><\/p>\n\n\n\n<p>Nach unserer Neuaufstellung wird es bestimmt auch wieder gr\u00f6\u00dfere, strukturierte Onboarding-Veranstaltungen geben.<\/p>\n\n\n\n<div class=\"wp-block-columns is-layout-flex wp-container-core-columns-is-layout-dbfacf25 wp-block-columns-is-layout-flex\" style=\"margin-top:var(--wp--preset--spacing--40);margin-bottom:var(--wp--preset--spacing--40)\">\n<div class=\"wp-block-column is-layout-flow wp-block-column-is-layout-flow\" style=\"flex-basis:50%\">\n<div class=\"wp-block-cover is-light\" style=\"min-height:576px;aspect-ratio:unset;\"><img loading=\"lazy\" decoding=\"async\" width=\"1024\" height=\"683\" class=\"wp-block-cover__image-background wp-image-896 size-large\" alt=\"\" src=\"https:\/\/www.sand-im-getriebe.mobi\/wp-content\/uploads\/2026\/01\/53172511616_3d2b75d052_o-1024x683.jpg\" data-object-fit=\"cover\" srcset=\"https:\/\/www.sand-im-getriebe.mobi\/wp-content\/uploads\/2026\/01\/53172511616_3d2b75d052_o-1024x683.jpg 1024w, https:\/\/www.sand-im-getriebe.mobi\/wp-content\/uploads\/2026\/01\/53172511616_3d2b75d052_o-300x200.jpg 300w, https:\/\/www.sand-im-getriebe.mobi\/wp-content\/uploads\/2026\/01\/53172511616_3d2b75d052_o-768x512.jpg 768w, https:\/\/www.sand-im-getriebe.mobi\/wp-content\/uploads\/2026\/01\/53172511616_3d2b75d052_o-1536x1024.jpg 1536w, https:\/\/www.sand-im-getriebe.mobi\/wp-content\/uploads\/2026\/01\/53172511616_3d2b75d052_o-2048x1365.jpg 2048w, https:\/\/www.sand-im-getriebe.mobi\/wp-content\/uploads\/2026\/01\/53172511616_3d2b75d052_o-18x12.jpg 18w\" sizes=\"auto, (max-width: 1024px) 100vw, 1024px\" \/><span aria-hidden=\"true\" class=\"wp-block-cover__background has-background-dim-10 has-background-dim\" style=\"background-color:#a19ca5\"><\/span><div class=\"wp-block-cover__inner-container is-layout-constrained wp-container-core-cover-is-layout-95c5e151 wp-block-cover-is-layout-constrained\">\n<p class=\"has-text-align-center has-large-font-size\"><\/p>\n<\/div><\/div>\n<\/div>\n\n\n\n<div class=\"wp-block-column has-palette-color-6-background-color has-background is-layout-flow wp-block-column-is-layout-flow\" style=\"padding-top:var(--wp--preset--spacing--40);padding-right:var(--wp--preset--spacing--40);padding-bottom:var(--wp--preset--spacing--40);padding-left:var(--wp--preset--spacing--40);flex-basis:50%\">\n<div class=\"wpcf7 no-js\" id=\"wpcf7-f502-o1\" lang=\"en-US\" dir=\"ltr\" data-wpcf7-id=\"502\">\n<div class=\"screen-reader-response\"><p role=\"status\" aria-live=\"polite\" aria-atomic=\"true\"><\/p> <ul><\/ul><\/div>\n<form action=\"\/en\/wp-json\/wp\/v2\/pages\/20#wpcf7-f502-o1\" method=\"post\" class=\"wpcf7-form init\" aria-label=\"Contact form\" novalidate=\"novalidate\" data-status=\"init\">\n<fieldset class=\"hidden-fields-container\"><input type=\"hidden\" name=\"_wpcf7\" value=\"502\" \/><input type=\"hidden\" name=\"_wpcf7_version\" value=\"6.1.5\" \/><input type=\"hidden\" name=\"_wpcf7_locale\" value=\"en_US\" \/><input type=\"hidden\" name=\"_wpcf7_unit_tag\" value=\"wpcf7-f502-o1\" \/><input type=\"hidden\" name=\"_wpcf7_container_post\" value=\"0\" \/><input type=\"hidden\" name=\"_wpcf7_posted_data_hash\" value=\"\" \/>\n<\/fieldset>\n<p><label> Wie m\u00f6chtest Du von uns angesprochen werden?<br \/>\n<span class=\"wpcf7-form-control-wrap\" data-name=\"your-name\"><input size=\"40\" maxlength=\"400\" class=\"wpcf7-form-control wpcf7-text\" autocomplete=\"name\" aria-invalid=\"false\" value=\"\" type=\"text\" name=\"your-name\" \/><\/span> <\/label>\n<\/p>\n<p><label> eMail-Adresse<br \/>\n<span class=\"wpcf7-form-control-wrap\" data-name=\"your-email\"><input size=\"40\" maxlength=\"400\" class=\"wpcf7-form-control wpcf7-email wpcf7-validates-as-required wpcf7-text wpcf7-validates-as-email\" autocomplete=\"email\" aria-required=\"true\" aria-invalid=\"false\" value=\"\" type=\"email\" name=\"your-email\" \/><\/span> <\/label>\n<\/p>\n<p><label> Nachricht (optional)<br \/>\n<span class=\"wpcf7-form-control-wrap\" data-name=\"your-message\"><textarea cols=\"40\" rows=\"10\" maxlength=\"2000\" class=\"wpcf7-form-control wpcf7-textarea\" aria-invalid=\"false\" name=\"your-message\"><\/textarea><\/span> <\/label>\n<\/p>\n<p><input class=\"wpcf7-form-control wpcf7-submit has-spinner\" type=\"submit\" value=\"Senden\" \/>\n<\/p><div class=\"wpcf7-response-output\" aria-hidden=\"true\"><\/div>\n<\/form>\n<\/div>\n\n<\/div>\n<\/div>\n\n\n\n<p><\/p>\n","protected":false},"excerpt":{"rendered":"<p>Wir sind gerade dabei unsere Strategie zu \u00fcberarbeiten und uns ein wenig neu zu erfinden. Wenn dich das reizt und du dich einbringen m\u00f6chtest, freuen wir uns sehr dich kennen zu lernen. Meld dich einfach bei info@sand-im-getriebe.mobi [PGP-Schl\u00fcssel]. Wenn du dazu schreibst, wo du dich so aufh\u00e4ltst, kannst du dich vielleicht unkompliziert mit einem Menschen [&hellip;]<\/p>\n","protected":false},"author":1,"featured_media":0,"parent":0,"menu_order":0,"comment_status":"closed","ping_status":"closed","template":"","meta":{"footnotes":""},"class_list":["post-20","page","type-page","status-publish","hentry"],"blocksy_meta":[],"_links":{"self":[{"href":"https:\/\/www.sand-im-getriebe.mobi\/en\/wp-json\/wp\/v2\/pages\/20","targetHints":{"allow":["GET"]}}],"collection":[{"href":"https:\/\/www.sand-im-getriebe.mobi\/en\/wp-json\/wp\/v2\/pages"}],"about":[{"href":"https:\/\/www.sand-im-getriebe.mobi\/en\/wp-json\/wp\/v2\/types\/page"}],"author":[{"embeddable":true,"href":"https:\/\/www.sand-im-getriebe.mobi\/en\/wp-json\/wp\/v2\/users\/1"}],"replies":[{"embeddable":true,"href":"https:\/\/www.sand-im-getriebe.mobi\/en\/wp-json\/wp\/v2\/comments?post=20"}],"version-history":[{"count":29,"href":"https:\/\/www.sand-im-getriebe.mobi\/en\/wp-json\/wp\/v2\/pages\/20\/revisions"}],"predecessor-version":[{"id":949,"href":"https:\/\/www.sand-im-getriebe.mobi\/en\/wp-json\/wp\/v2\/pages\/20\/revisions\/949"}],"wp:attachment":[{"href":"https:\/\/www.sand-im-getriebe.mobi\/en\/wp-json\/wp\/v2\/media?parent=20"}],"curies":[{"name":"wp","href":"https:\/\/api.w.org\/{rel}","templated":true}]}}