{"id":133,"date":"2025-06-20T13:29:01","date_gmt":"2025-06-20T13:29:01","guid":{"rendered":"https:\/\/sig2025.uber.space\/?page_id=133"},"modified":"2025-12-07T20:19:44","modified_gmt":"2025-12-07T19:19:44","slug":"vernetzung","status":"publish","type":"page","link":"https:\/\/www.sand-im-getriebe.mobi\/en\/vernetzung\/","title":{"rendered":"Vernetzung"},"content":{"rendered":"<p>Den gro\u00dfe Wandel erreichen wir nur gemeinsam und mit vielf\u00e4ltigen Strategien und Taktiken auf allen Ebenen. Wir arbeiten stets daran, zu m\u00f6glichst vielen Akteur:innen gute pers\u00f6nliche Kontakte zu haben um voneinander zu lernen, sich gegenseitig zu unterst\u00fctzen, zusammenzuarbeiten wo es passt und nebeneinander, wo die Ans\u00e4tze nicht zusammen passen. Hauptsache nicht gegeneinander.<\/p>\n\n\n\n<p>Auf viele B\u00fcndnisse, Gruppen und Menschen sind wir schon zugegangen oder konnten auf Camps, bei Aktionen oder Veranstaltungen vertrauensvolle Kontakte aufbauen. Wenn Du Lust hast, individuell oder f\u00fcr Deine Gruppe einen Austausch mit uns zu gestalten, melde Dich doch gerne unter <a href=\"mailto:vernetzung@sand-im-getriebe.mobi\">vernetzung@sand-im-getriebe.mobi<\/a>.<\/p>\n\n\n\n<p>Gemeinsam mit anderen Gruppen haben wir uns im Fr\u00fchling 2024 au\u00dferdem zu <a href=\"https:\/\/disrupt-now.org\/\">#disrupt<\/a> zusammengeschlossen. Disrupt ist ein gruppen\u00fcbergreifendes B\u00fcndnis, in dem verschiedene Organisationen, Initiativen und Einzelpersonen autonom Aktionen planen. Disruption hei\u00dft dabei nicht nur, das kapitalistische Wertsch\u00f6pfungssystem zu st\u00f6ren, sondern auch, utopische Alternativen jenseits von Ausbeutung und Zerst\u00f6rung aufzuzeigen und zu realisieren.<\/p>\n\n\n\n<p>Deine Gruppe oder dein B\u00fcndnis kann ganz einfach Teil der Disrupt-Vernetzung werden oder #disrupt-Aktionen machen, wenn das <a href=\"https:\/\/disrupt-now.org\/selbstverstandnis\/\">disrupt-Selbstverst\u00e4ndnis<\/a> geteilt wird.<\/p>\n\n\n\n<p><\/p>","protected":false},"excerpt":{"rendered":"<p>Den gro\u00dfe Wandel erreichen wir nur gemeinsam und mit vielf\u00e4ltigen Strategien und Taktiken auf allen Ebenen. Wir arbeiten stets daran, zu m\u00f6glichst vielen Akteur:innen gute pers\u00f6nliche Kontakte zu haben um voneinander zu lernen, sich gegenseitig zu unterst\u00fctzen, zusammenzuarbeiten wo es passt und nebeneinander, wo die Ans\u00e4tze nicht zusammen passen. Hauptsache nicht gegeneinander. Auf viele B\u00fcndnisse, [&hellip;]<\/p>\n","protected":false},"author":1,"featured_media":0,"parent":0,"menu_order":0,"comment_status":"closed","ping_status":"closed","template":"","meta":{"footnotes":""},"class_list":["post-133","page","type-page","status-publish","hentry"],"blocksy_meta":[],"_links":{"self":[{"href":"https:\/\/www.sand-im-getriebe.mobi\/en\/wp-json\/wp\/v2\/pages\/133","targetHints":{"allow":["GET"]}}],"collection":[{"href":"https:\/\/www.sand-im-getriebe.mobi\/en\/wp-json\/wp\/v2\/pages"}],"about":[{"href":"https:\/\/www.sand-im-getriebe.mobi\/en\/wp-json\/wp\/v2\/types\/page"}],"author":[{"embeddable":true,"href":"https:\/\/www.sand-im-getriebe.mobi\/en\/wp-json\/wp\/v2\/users\/1"}],"replies":[{"embeddable":true,"href":"https:\/\/www.sand-im-getriebe.mobi\/en\/wp-json\/wp\/v2\/comments?post=133"}],"version-history":[{"count":8,"href":"https:\/\/www.sand-im-getriebe.mobi\/en\/wp-json\/wp\/v2\/pages\/133\/revisions"}],"predecessor-version":[{"id":877,"href":"https:\/\/www.sand-im-getriebe.mobi\/en\/wp-json\/wp\/v2\/pages\/133\/revisions\/877"}],"wp:attachment":[{"href":"https:\/\/www.sand-im-getriebe.mobi\/en\/wp-json\/wp\/v2\/media?parent=133"}],"curies":[{"name":"wp","href":"https:\/\/api.w.org\/{rel}","templated":true}]}}